{"id":14785,"date":"2017-12-30T23:10:29","date_gmt":"2017-12-30T23:10:29","guid":{"rendered":"https:\/\/tattoo.vamtam.com\/?page_id=14785"},"modified":"2024-11-21T04:43:19","modified_gmt":"2024-11-21T01:43:19","slug":"about-dark","status":"publish","type":"page","link":"https:\/\/kasseltattoo.com\/tr\/about-dark\/","title":{"rendered":"Hakk\u0131m\u0131zda"},"content":{"rendered":"<div class=\"vgblk-rw-wrapper limit-wrapper\"><h2>\n\t\u0130\u015fimde ve yapt\u0131klar\u0131mda d\u00f6vme rit\u00fcelinde ger\u00e7ek bir sihir var.\n\t<\/h2>\n<p>Cleopatra Ink&#039;in Alanya&#039;da tek bir st\u00fcdyo ile ba\u015flayan ge\u00e7mi\u015fi 2014 y\u0131l\u0131na kadar uzanmaktad\u0131r. \u0130smini, markam\u0131z\u0131n bulundu\u011fu lokasyonda yer alan, d\u00fcnyan\u0131n en nefes kesen plajlar\u0131ndan biri olan Kleopatra Plaj\u0131&#039;ndan ilham alarak se\u00e7tik. k\u00f6kenleri. Cleopatra Ink ailesi olarak sanat\u0131n g\u00fcc\u00fcn\u00fc hissetti\u011fimiz bu e\u015fsiz k\u0131y\u0131da do\u011fup b\u00fcy\u00fcyen bir markay\u0131z. M\u00fc\u015fterilerimize sundu\u011fumuz her sanat eseri, Kleopatra Plaj\u0131&#039;n\u0131n zarafeti ve g\u00fczelli\u011fi ile uyumlu bir \u015fekilde ki\u015fiselle\u015ftirilmektedir. Yani Cleopatra Ink sadece d\u00f6vme sanat\u0131nda de\u011fil, benzersiz bir deneyim sunma misyonuyla da \u00f6ne \u00e7\u0131k\u0131yor.<\/p>\n\t<a href=\"https:\/\/kasseltattoo.com\/tr\/sandra-stone\/#appointments\" target=\"_self\" role=\"button\">\n\t\t\t\t\trandevu al\n\t<\/a><\/div><!-- .vgblk-rw-wrapper -->","protected":false},"excerpt":{"rendered":"<p>In meiner Arbeit und in dem, was ich getan habe, steckt eine wahre Magie im Ritual des T\u00e4towierens. Die Geschichte von Cleopatra Ink, die mit einem einzigen Studio in Alanya, T\u00fcrkei, begann, erstreckt sich bis zum Jahr 2014. Wir haben den Namen inspiriert von einem der weltweit atemberaubendsten Str\u00e4nde, dem Kleopatra Beach, gew\u00e4hlt, der sich&#8230;<\/p>","protected":false},"author":1,"featured_media":0,"parent":0,"menu_order":0,"comment_status":"closed","ping_status":"closed","template":"","meta":{"footnotes":""},"class_list":["post-14785","page","type-page","status-publish","hentry"],"yoast_head":"<!-- This site is optimized with the Yoast SEO plugin v23.9 - https:\/\/yoast.com\/wordpress\/plugins\/seo\/ -->\n<title>\u00dcber Uns - Kassel Tattoo<\/title>\n<meta name=\"robots\" content=\"index, follow, max-snippet:-1, max-image-preview:large, max-video-preview:-1\" \/>\n<link rel=\"canonical\" href=\"https:\/\/kasseltattoo.com\/tr\/about-dark\/\" \/>\n<meta property=\"og:locale\" content=\"tr_TR\" \/>\n<meta property=\"og:type\" content=\"article\" \/>\n<meta property=\"og:title\" content=\"\u00dcber Uns - Kassel Tattoo\" \/>\n<meta property=\"og:description\" content=\"In meiner Arbeit und in dem, was ich getan habe, steckt eine wahre Magie im Ritual des T\u00e4towierens. Die Geschichte von Cleopatra Ink, die mit einem einzigen Studio in Alanya, T\u00fcrkei, begann, erstreckt sich bis zum Jahr 2014. Wir haben den Namen inspiriert von einem der weltweit atemberaubendsten Str\u00e4nde, dem Kleopatra Beach, gew\u00e4hlt, der sich...\" \/>\n<meta property=\"og:url\" content=\"https:\/\/kasseltattoo.com\/tr\/about-dark\/\" \/>\n<meta property=\"og:site_name\" content=\"Kassel Tattoo\" \/>\n<meta property=\"article:modified_time\" content=\"2024-11-21T01:43:19+00:00\" \/>\n<meta name=\"twitter:card\" content=\"summary_large_image\" \/>\n<meta name=\"twitter:label1\" content=\"Tahmini okuma s\u00fcresi\" \/>\n\t<meta name=\"twitter:data1\" content=\"2 dakika\" \/>\n<script type=\"application\/ld+json\" class=\"yoast-schema-graph\">{\"@context\":\"https:\/\/schema.org\",\"@graph\":[{\"@type\":\"WebPage\",\"@id\":\"https:\/\/kasseltattoo.com\/about-dark\/\",\"url\":\"https:\/\/kasseltattoo.com\/about-dark\/\",\"name\":\"\u00dcber Uns - Kassel Tattoo\",\"isPartOf\":{\"@id\":\"https:\/\/kasseltattoo.com\/#website\"},\"datePublished\":\"2017-12-30T23:10:29+00:00\",\"dateModified\":\"2024-11-21T01:43:19+00:00\",\"breadcrumb\":{\"@id\":\"https:\/\/kasseltattoo.com\/about-dark\/#breadcrumb\"},\"inLanguage\":\"tr\",\"potentialAction\":[{\"@type\":\"ReadAction\",\"target\":[\"https:\/\/kasseltattoo.com\/about-dark\/\"]}]},{\"@type\":\"BreadcrumbList\",\"@id\":\"https:\/\/kasseltattoo.com\/about-dark\/#breadcrumb\",\"itemListElement\":[{\"@type\":\"ListItem\",\"position\":1,\"name\":\"Anasayfa\",\"item\":\"https:\/\/kasseltattoo.com\/\"},{\"@type\":\"ListItem\",\"position\":2,\"name\":\"\u00dcber Uns\"}]},{\"@type\":\"WebSite\",\"@id\":\"https:\/\/kasseltattoo.com\/#website\",\"url\":\"https:\/\/kasseltattoo.com\/\",\"name\":\"Kassel Tattoo\",\"description\":\"Montag - Samstag 11:00 bis 19:00\",\"publisher\":{\"@id\":\"https:\/\/kasseltattoo.com\/#organization\"},\"potentialAction\":[{\"@type\":\"SearchAction\",\"target\":{\"@type\":\"EntryPoint\",\"urlTemplate\":\"https:\/\/kasseltattoo.com\/?s={search_term_string}\"},\"query-input\":{\"@type\":\"PropertyValueSpecification\",\"valueRequired\":true,\"valueName\":\"search_term_string\"}}],\"inLanguage\":\"tr\"},{\"@type\":\"Organization\",\"@id\":\"https:\/\/kasseltattoo.com\/#organization\",\"name\":\"Kassel Tattoo\",\"url\":\"https:\/\/kasseltattoo.com\/\",\"logo\":{\"@type\":\"ImageObject\",\"inLanguage\":\"tr\",\"@id\":\"https:\/\/kasseltattoo.com\/#\/schema\/logo\/image\/\",\"url\":\"https:\/\/kasseltattoo.com\/wp-content\/uploads\/2024\/11\/cropped-Adsiz-tasarim.png\",\"contentUrl\":\"https:\/\/kasseltattoo.com\/wp-content\/uploads\/2024\/11\/cropped-Adsiz-tasarim.png\",\"width\":200,\"height\":250,\"caption\":\"Kassel Tattoo\"},\"image\":{\"@id\":\"https:\/\/kasseltattoo.com\/#\/schema\/logo\/image\/\"}}]}<\/script>\n<!-- \/ Yoast SEO plugin. -->","yoast_head_json":{"title":"\u00dcber Uns - Kassel Tattoo","robots":{"index":"index","follow":"follow","max-snippet":"max-snippet:-1","max-image-preview":"max-image-preview:large","max-video-preview":"max-video-preview:-1"},"canonical":"https:\/\/kasseltattoo.com\/tr\/about-dark\/","og_locale":"tr_TR","og_type":"article","og_title":"\u00dcber Uns - Kassel Tattoo","og_description":"In meiner Arbeit und in dem, was ich getan habe, steckt eine wahre Magie im Ritual des T\u00e4towierens. Die Geschichte von Cleopatra Ink, die mit einem einzigen Studio in Alanya, T\u00fcrkei, begann, erstreckt sich bis zum Jahr 2014. Wir haben den Namen inspiriert von einem der weltweit atemberaubendsten Str\u00e4nde, dem Kleopatra Beach, gew\u00e4hlt, der sich...","og_url":"https:\/\/kasseltattoo.com\/tr\/about-dark\/","og_site_name":"Kassel Tattoo","article_modified_time":"2024-11-21T01:43:19+00:00","twitter_card":"summary_large_image","twitter_misc":{"Tahmini okuma s\u00fcresi":"2 dakika"},"schema":{"@context":"https:\/\/schema.org","@graph":[{"@type":"WebPage","@id":"https:\/\/kasseltattoo.com\/about-dark\/","url":"https:\/\/kasseltattoo.com\/about-dark\/","name":"\u00dcber Uns - Kassel Tattoo","isPartOf":{"@id":"https:\/\/kasseltattoo.com\/#website"},"datePublished":"2017-12-30T23:10:29+00:00","dateModified":"2024-11-21T01:43:19+00:00","breadcrumb":{"@id":"https:\/\/kasseltattoo.com\/about-dark\/#breadcrumb"},"inLanguage":"tr","potentialAction":[{"@type":"ReadAction","target":["https:\/\/kasseltattoo.com\/about-dark\/"]}]},{"@type":"BreadcrumbList","@id":"https:\/\/kasseltattoo.com\/about-dark\/#breadcrumb","itemListElement":[{"@type":"ListItem","position":1,"name":"Anasayfa","item":"https:\/\/kasseltattoo.com\/"},{"@type":"ListItem","position":2,"name":"\u00dcber Uns"}]},{"@type":"WebSite","@id":"https:\/\/kasseltattoo.com\/#website","url":"https:\/\/kasseltattoo.com\/","name":"Kassel Tattoo","description":"Montag - Samstag 11:00 bis 19:00","publisher":{"@id":"https:\/\/kasseltattoo.com\/#organization"},"potentialAction":[{"@type":"SearchAction","target":{"@type":"EntryPoint","urlTemplate":"https:\/\/kasseltattoo.com\/?s={search_term_string}"},"query-input":{"@type":"PropertyValueSpecification","valueRequired":true,"valueName":"search_term_string"}}],"inLanguage":"tr"},{"@type":"Organization","@id":"https:\/\/kasseltattoo.com\/#organization","name":"Kassel Tattoo","url":"https:\/\/kasseltattoo.com\/","logo":{"@type":"ImageObject","inLanguage":"tr","@id":"https:\/\/kasseltattoo.com\/#\/schema\/logo\/image\/","url":"https:\/\/kasseltattoo.com\/wp-content\/uploads\/2024\/11\/cropped-Adsiz-tasarim.png","contentUrl":"https:\/\/kasseltattoo.com\/wp-content\/uploads\/2024\/11\/cropped-Adsiz-tasarim.png","width":200,"height":250,"caption":"Kassel Tattoo"},"image":{"@id":"https:\/\/kasseltattoo.com\/#\/schema\/logo\/image\/"}}]}},"_links":{"self":[{"href":"https:\/\/kasseltattoo.com\/tr\/wp-json\/wp\/v2\/pages\/14785","targetHints":{"allow":["GET"]}}],"collection":[{"href":"https:\/\/kasseltattoo.com\/tr\/wp-json\/wp\/v2\/pages"}],"about":[{"href":"https:\/\/kasseltattoo.com\/tr\/wp-json\/wp\/v2\/types\/page"}],"author":[{"embeddable":true,"href":"https:\/\/kasseltattoo.com\/tr\/wp-json\/wp\/v2\/users\/1"}],"replies":[{"embeddable":true,"href":"https:\/\/kasseltattoo.com\/tr\/wp-json\/wp\/v2\/comments?post=14785"}],"version-history":[{"count":4,"href":"https:\/\/kasseltattoo.com\/tr\/wp-json\/wp\/v2\/pages\/14785\/revisions"}],"predecessor-version":[{"id":987772,"href":"https:\/\/kasseltattoo.com\/tr\/wp-json\/wp\/v2\/pages\/14785\/revisions\/987772"}],"wp:attachment":[{"href":"https:\/\/kasseltattoo.com\/tr\/wp-json\/wp\/v2\/media?parent=14785"}],"curies":[{"name":"wp","href":"https:\/\/api.w.org\/{rel}","templated":true}]}}