{"id":8130,"date":"2014-07-30T23:32:03","date_gmt":"2014-07-30T23:32:03","guid":{"rendered":"https:\/\/tattoo.vamtam.com\/product\/club-card-for-only-yoga\/"},"modified":"2024-11-21T01:36:33","modified_gmt":"2024-11-20T22:36:33","slug":"non-spill-tattoo-color-ink-caps","status":"publish","type":"product","link":"https:\/\/kasseltattoo.com\/tr\/product\/non-spill-tattoo-color-ink-caps\/","title":{"rendered":"D\u00f6k\u00fclmeyen d\u00f6vme renkli m\u00fcrekkep kapaklar\u0131"},"content":{"rendered":"<div class=\"vgblk-rw-wrapper limit-wrapper\">Kit i\u00e7eri\u011fi:<\/p>\n<p>MAK\u0130NA<br \/>\nRCA Kablosu dahil Hercules D\u00f6ner Kalem<\/p>\n<p>G\u00dc\u00c7 KAYNA\u011eI:<br \/>\nZenith dijital d\u00f6vme g\u00fc\u00e7 kayna\u011f\u0131.<br \/>\nJack fi\u015fli ayak pedal\u0131<\/p>\n<p>\u0130\u011eNELER VE M\u00dcREKKEP:<br \/>\nGazla sterilize edilmi\u015f ambalajda sa\u011flanan 5 premium SABRE Kartu\u015f i\u011fnesi<br \/>\n3 \u015ei\u015fe \u00c7\u0131\u011fl\u0131k M\u00fcrekkebi<\/p>\n<p>AKSESUARLAR:<br \/>\n100 kar\u0131\u015f\u0131k boyutta renkli m\u00fcrekkep kapa\u011f\u0131<br \/>\n3 x d\u00f6vme uygulama cildi<br \/>\n2 x A &amp; D Merhem po\u015fetleri<\/p>\n<p>Muhtemelen bug\u00fcn piyasada d\u00f6vme yapmay\u0131 \u00f6\u011frenmenin en kolay seti.<\/p>\n<p>Neden? En yeni kalem tarz\u0131 d\u00f6ner makineyi i\u00e7erir, ayar gerektirmez, sadece i\u011fne kartu\u015funu tak\u0131n ve yola \u00e7\u0131k\u0131n.<\/p>\n<p>Gromet yok, i\u011fne mili yok, ayarlama yok, kavrama yok veya ayar yok, size sanat eserine konsantre olman\u0131z i\u00e7in zaman b\u0131rak\u0131yor.<br \/>\nKit, bir dakikadan k\u0131sa s\u00fcrede saniyeler i\u00e7inde kullan\u0131ma haz\u0131r hale getirilebilir!<\/p><\/div>\n<p><!-- .vgblk-rw-wrapper --><\/p>","protected":false},"excerpt":{"rendered":"<h4>Tan\u0131m<\/h4>\n<p>D\u00f6vme Ma\u011fazas\u0131 kitleri yaln\u0131zca pratik ciltte kullan\u0131lmak \u00fczere tasarlanm\u0131\u015ft\u0131r.<br \/>\nBu kitteki \u00f6\u011feler m\u00fc\u015fterilere d\u00f6vme yapmak i\u00e7in veya ger\u00e7ek cilt \u00fczerinde kullan\u0131lmamal\u0131d\u0131r.<br \/>\nD\u00f6vme Ma\u011fazas\u0131 bu kitin yanl\u0131\u015f kullan\u0131m\u0131ndan hi\u00e7bir \u015fekilde sorumlu de\u011fildir, bu bir Kendin Yap kiti de\u011fildir. <\/p>\n<p>Her biri ayr\u0131 sat\u0131l\u0131r.<\/p>","protected":false},"featured_media":987654,"comment_status":"open","ping_status":"closed","template":"","meta":[],"product_cat":[65],"product_tag":[55,74],"class_list":{"0":"post-8130","1":"product","2":"type-product","3":"status-publish","4":"has-post-thumbnail","6":"product_cat-machines","7":"product_tag-colors","8":"product_tag-tattoo","10":"first","11":"instock","12":"featured","13":"shipping-taxable","14":"purchasable","15":"product-type-simple"},"yoast_head":"<!-- This site is optimized with the Yoast SEO plugin v23.9 - https:\/\/yoast.com\/wordpress\/plugins\/seo\/ -->\n<title>Non spill tattoo color ink caps - Kassel Tattoo<\/title>\n<meta name=\"robots\" content=\"index, follow, max-snippet:-1, max-image-preview:large, max-video-preview:-1\" \/>\n<link rel=\"canonical\" href=\"https:\/\/kasseltattoo.com\/tr\/product\/non-spill-tattoo-color-ink-caps\/\" \/>\n<meta property=\"og:locale\" content=\"tr_TR\" \/>\n<meta property=\"og:type\" content=\"article\" \/>\n<meta property=\"og:title\" content=\"Non spill tattoo color ink caps - Kassel Tattoo\" \/>\n<meta property=\"og:description\" content=\"Description Tattoo Shop kits are only designed to be used on practice skin. The items in this kit are not to be used for tattooing customers or on real skin. The Tattoo Shop are in no way responsible for mis-use of this kit, this is not a DIY kit.  Each sold separately.\" \/>\n<meta property=\"og:url\" content=\"https:\/\/kasseltattoo.com\/tr\/product\/non-spill-tattoo-color-ink-caps\/\" \/>\n<meta property=\"og:site_name\" content=\"Kassel Tattoo\" \/>\n<meta property=\"article:modified_time\" content=\"2024-11-20T22:36:33+00:00\" \/>\n<meta property=\"og:image\" content=\"https:\/\/kasseltattoo.com\/wp-content\/uploads\/2013\/04\/large.jpg\" \/>\n\t<meta property=\"og:image:width\" content=\"1100\" \/>\n\t<meta property=\"og:image:height\" content=\"700\" \/>\n\t<meta property=\"og:image:type\" content=\"image\/jpeg\" \/>\n<meta name=\"twitter:card\" content=\"summary_large_image\" \/>\n<meta name=\"twitter:label1\" content=\"Tahmini okuma s\u00fcresi\" \/>\n\t<meta name=\"twitter:data1\" content=\"1 dakika\" \/>\n<script type=\"application\/ld+json\" class=\"yoast-schema-graph\">{\"@context\":\"https:\/\/schema.org\",\"@graph\":[{\"@type\":\"WebPage\",\"@id\":\"https:\/\/kasseltattoo.com\/product\/non-spill-tattoo-color-ink-caps\/\",\"url\":\"https:\/\/kasseltattoo.com\/product\/non-spill-tattoo-color-ink-caps\/\",\"name\":\"Non spill tattoo color ink caps - Kassel Tattoo\",\"isPartOf\":{\"@id\":\"https:\/\/kasseltattoo.com\/#website\"},\"primaryImageOfPage\":{\"@id\":\"https:\/\/kasseltattoo.com\/product\/non-spill-tattoo-color-ink-caps\/#primaryimage\"},\"image\":{\"@id\":\"https:\/\/kasseltattoo.com\/product\/non-spill-tattoo-color-ink-caps\/#primaryimage\"},\"thumbnailUrl\":\"https:\/\/kasseltattoo.com\/wp-content\/uploads\/2013\/04\/large.jpg\",\"datePublished\":\"2014-07-30T23:32:03+00:00\",\"dateModified\":\"2024-11-20T22:36:33+00:00\",\"breadcrumb\":{\"@id\":\"https:\/\/kasseltattoo.com\/product\/non-spill-tattoo-color-ink-caps\/#breadcrumb\"},\"inLanguage\":\"tr\",\"potentialAction\":[{\"@type\":\"ReadAction\",\"target\":[\"https:\/\/kasseltattoo.com\/product\/non-spill-tattoo-color-ink-caps\/\"]}]},{\"@type\":\"ImageObject\",\"inLanguage\":\"tr\",\"@id\":\"https:\/\/kasseltattoo.com\/product\/non-spill-tattoo-color-ink-caps\/#primaryimage\",\"url\":\"https:\/\/kasseltattoo.com\/wp-content\/uploads\/2013\/04\/large.jpg\",\"contentUrl\":\"https:\/\/kasseltattoo.com\/wp-content\/uploads\/2013\/04\/large.jpg\",\"width\":1100,\"height\":700},{\"@type\":\"BreadcrumbList\",\"@id\":\"https:\/\/kasseltattoo.com\/product\/non-spill-tattoo-color-ink-caps\/#breadcrumb\",\"itemListElement\":[{\"@type\":\"ListItem\",\"position\":1,\"name\":\"Anasayfa\",\"item\":\"https:\/\/kasseltattoo.com\/\"},{\"@type\":\"ListItem\",\"position\":2,\"name\":\"Shop\",\"item\":\"https:\/\/kasseltattoo.com\/shop-2\/\"},{\"@type\":\"ListItem\",\"position\":3,\"name\":\"Non spill tattoo color ink caps\"}]},{\"@type\":\"WebSite\",\"@id\":\"https:\/\/kasseltattoo.com\/#website\",\"url\":\"https:\/\/kasseltattoo.com\/\",\"name\":\"Kassel Tattoo\",\"description\":\"Montag - Samstag 11:00 bis 19:00\",\"publisher\":{\"@id\":\"https:\/\/kasseltattoo.com\/#organization\"},\"potentialAction\":[{\"@type\":\"SearchAction\",\"target\":{\"@type\":\"EntryPoint\",\"urlTemplate\":\"https:\/\/kasseltattoo.com\/?s={search_term_string}\"},\"query-input\":{\"@type\":\"PropertyValueSpecification\",\"valueRequired\":true,\"valueName\":\"search_term_string\"}}],\"inLanguage\":\"tr\"},{\"@type\":\"Organization\",\"@id\":\"https:\/\/kasseltattoo.com\/#organization\",\"name\":\"Kassel Tattoo\",\"url\":\"https:\/\/kasseltattoo.com\/\",\"logo\":{\"@type\":\"ImageObject\",\"inLanguage\":\"tr\",\"@id\":\"https:\/\/kasseltattoo.com\/#\/schema\/logo\/image\/\",\"url\":\"https:\/\/kasseltattoo.com\/wp-content\/uploads\/2024\/11\/cropped-Adsiz-tasarim.png\",\"contentUrl\":\"https:\/\/kasseltattoo.com\/wp-content\/uploads\/2024\/11\/cropped-Adsiz-tasarim.png\",\"width\":200,\"height\":250,\"caption\":\"Kassel Tattoo\"},\"image\":{\"@id\":\"https:\/\/kasseltattoo.com\/#\/schema\/logo\/image\/\"}}]}<\/script>\n<!-- \/ Yoast SEO plugin. -->","yoast_head_json":{"title":"Non spill tattoo color ink caps - Kassel Tattoo","robots":{"index":"index","follow":"follow","max-snippet":"max-snippet:-1","max-image-preview":"max-image-preview:large","max-video-preview":"max-video-preview:-1"},"canonical":"https:\/\/kasseltattoo.com\/tr\/product\/non-spill-tattoo-color-ink-caps\/","og_locale":"tr_TR","og_type":"article","og_title":"Non spill tattoo color ink caps - Kassel Tattoo","og_description":"Description Tattoo Shop kits are only designed to be used on practice skin. The items in this kit are not to be used for tattooing customers or on real skin. The Tattoo Shop are in no way responsible for mis-use of this kit, this is not a DIY kit.  Each sold separately.","og_url":"https:\/\/kasseltattoo.com\/tr\/product\/non-spill-tattoo-color-ink-caps\/","og_site_name":"Kassel Tattoo","article_modified_time":"2024-11-20T22:36:33+00:00","og_image":[{"width":1100,"height":700,"url":"https:\/\/kasseltattoo.com\/wp-content\/uploads\/2013\/04\/large.jpg","type":"image\/jpeg"}],"twitter_card":"summary_large_image","twitter_misc":{"Tahmini okuma s\u00fcresi":"1 dakika"},"schema":{"@context":"https:\/\/schema.org","@graph":[{"@type":"WebPage","@id":"https:\/\/kasseltattoo.com\/product\/non-spill-tattoo-color-ink-caps\/","url":"https:\/\/kasseltattoo.com\/product\/non-spill-tattoo-color-ink-caps\/","name":"Non spill tattoo color ink caps - Kassel Tattoo","isPartOf":{"@id":"https:\/\/kasseltattoo.com\/#website"},"primaryImageOfPage":{"@id":"https:\/\/kasseltattoo.com\/product\/non-spill-tattoo-color-ink-caps\/#primaryimage"},"image":{"@id":"https:\/\/kasseltattoo.com\/product\/non-spill-tattoo-color-ink-caps\/#primaryimage"},"thumbnailUrl":"https:\/\/kasseltattoo.com\/wp-content\/uploads\/2013\/04\/large.jpg","datePublished":"2014-07-30T23:32:03+00:00","dateModified":"2024-11-20T22:36:33+00:00","breadcrumb":{"@id":"https:\/\/kasseltattoo.com\/product\/non-spill-tattoo-color-ink-caps\/#breadcrumb"},"inLanguage":"tr","potentialAction":[{"@type":"ReadAction","target":["https:\/\/kasseltattoo.com\/product\/non-spill-tattoo-color-ink-caps\/"]}]},{"@type":"ImageObject","inLanguage":"tr","@id":"https:\/\/kasseltattoo.com\/product\/non-spill-tattoo-color-ink-caps\/#primaryimage","url":"https:\/\/kasseltattoo.com\/wp-content\/uploads\/2013\/04\/large.jpg","contentUrl":"https:\/\/kasseltattoo.com\/wp-content\/uploads\/2013\/04\/large.jpg","width":1100,"height":700},{"@type":"BreadcrumbList","@id":"https:\/\/kasseltattoo.com\/product\/non-spill-tattoo-color-ink-caps\/#breadcrumb","itemListElement":[{"@type":"ListItem","position":1,"name":"Anasayfa","item":"https:\/\/kasseltattoo.com\/"},{"@type":"ListItem","position":2,"name":"Shop","item":"https:\/\/kasseltattoo.com\/shop-2\/"},{"@type":"ListItem","position":3,"name":"Non spill tattoo color ink caps"}]},{"@type":"WebSite","@id":"https:\/\/kasseltattoo.com\/#website","url":"https:\/\/kasseltattoo.com\/","name":"Kassel Tattoo","description":"Montag - Samstag 11:00 bis 19:00","publisher":{"@id":"https:\/\/kasseltattoo.com\/#organization"},"potentialAction":[{"@type":"SearchAction","target":{"@type":"EntryPoint","urlTemplate":"https:\/\/kasseltattoo.com\/?s={search_term_string}"},"query-input":{"@type":"PropertyValueSpecification","valueRequired":true,"valueName":"search_term_string"}}],"inLanguage":"tr"},{"@type":"Organization","@id":"https:\/\/kasseltattoo.com\/#organization","name":"Kassel Tattoo","url":"https:\/\/kasseltattoo.com\/","logo":{"@type":"ImageObject","inLanguage":"tr","@id":"https:\/\/kasseltattoo.com\/#\/schema\/logo\/image\/","url":"https:\/\/kasseltattoo.com\/wp-content\/uploads\/2024\/11\/cropped-Adsiz-tasarim.png","contentUrl":"https:\/\/kasseltattoo.com\/wp-content\/uploads\/2024\/11\/cropped-Adsiz-tasarim.png","width":200,"height":250,"caption":"Kassel Tattoo"},"image":{"@id":"https:\/\/kasseltattoo.com\/#\/schema\/logo\/image\/"}}]}},"_links":{"self":[{"href":"https:\/\/kasseltattoo.com\/tr\/wp-json\/wp\/v2\/product\/8130","targetHints":{"allow":["GET"]}}],"collection":[{"href":"https:\/\/kasseltattoo.com\/tr\/wp-json\/wp\/v2\/product"}],"about":[{"href":"https:\/\/kasseltattoo.com\/tr\/wp-json\/wp\/v2\/types\/product"}],"replies":[{"embeddable":true,"href":"https:\/\/kasseltattoo.com\/tr\/wp-json\/wp\/v2\/comments?post=8130"}],"wp:featuredmedia":[{"embeddable":true,"href":"https:\/\/kasseltattoo.com\/tr\/wp-json\/wp\/v2\/media\/987654"}],"wp:attachment":[{"href":"https:\/\/kasseltattoo.com\/tr\/wp-json\/wp\/v2\/media?parent=8130"}],"wp:term":[{"taxonomy":"product_cat","embeddable":true,"href":"https:\/\/kasseltattoo.com\/tr\/wp-json\/wp\/v2\/product_cat?post=8130"},{"taxonomy":"product_tag","embeddable":true,"href":"https:\/\/kasseltattoo.com\/tr\/wp-json\/wp\/v2\/product_tag?post=8130"}],"curies":[{"name":"wp","href":"https:\/\/api.w.org\/{rel}","templated":true}]}}